{"id":68,"date":"2021-04-10T18:34:07","date_gmt":"2021-04-10T18:34:07","guid":{"rendered":"https:\/\/thestadiumhopper.com\/?page_id=68"},"modified":"2021-04-12T11:09:28","modified_gmt":"2021-04-12T11:09:28","slug":"south-america","status":"publish","type":"page","link":"https:\/\/thestadiumhopper.com\/th\/football-stadiums\/south-america\/","title":{"rendered":"\u0e2d\u0e40\u0e21\u0e23\u0e34\u0e01\u0e32\u0e43\u0e15\u0e49"},"content":{"rendered":"<p class=\"has-text-align-center\"><strong>BRAZIL<\/strong><\/p>\n\n\n\n<ul class=\"wp-block-list\"><li>Bras\u00edlia | Est\u00e1dio Nacional Man\u00e9 Garrincha (Non-Home Match Visit)<\/li><li>Brazil   |   Flamengo   |   Fluminense   |   Est\u00e1dio do Maracan\u00e3 (Non-Home Match Visit)<\/li><li>Corinthians   |   Arena Corinthians (Non-Home Match Visit)<\/li><li>Club Athletico Paranaense   |   Arena da Baixada (Non-Home Match Visit)<\/li><li>Est\u00e1dio do Pacaembu (Inside Visit)<\/li><\/ul>","protected":false},"excerpt":{"rendered":"<div class=\"mh-excerpt\"><p>BRAZIL Bras\u00edlia | Est\u00e1dio Nacional Man\u00e9 Garrincha (Non-Home Match Visit) Brazil | Flamengo | Fluminense | Est\u00e1dio do Maracan\u00e3 (Non-Home Match Visit) Corinthians | Arena Corinthians (Non-Home Match Visit) Club Athletico Paranaense | Arena da <a class=\"mh-excerpt-more\" href=\"https:\/\/thestadiumhopper.com\/th\/football-stadiums\/south-america\/\" title=\"\u0e2d\u0e40\u0e21\u0e23\u0e34\u0e01\u0e32\u0e43\u0e15\u0e49\">[&#8230;]<\/a><\/p>\n<\/div>","protected":false},"author":1,"featured_media":0,"parent":15,"menu_order":5,"comment_status":"closed","ping_status":"closed","template":"","meta":{"footnotes":""},"class_list":["post-68","page","type-page","status-publish"],"yoast_head":"<!-- This site is optimized with the Yoast SEO plugin v20.8 - https:\/\/yoast.com\/wordpress\/plugins\/seo\/ -->\n<title>South America - The Stadiumhopper<\/title>\n<meta name=\"robots\" content=\"index, follow, max-snippet:-1, max-image-preview:large, max-video-preview:-1\" \/>\n<link rel=\"canonical\" href=\"https:\/\/thestadiumhopper.com\/th\/football-stadiums\/south-america\/\" \/>\n<meta property=\"og:locale\" content=\"th_TH\" \/>\n<meta property=\"og:type\" content=\"article\" \/>\n<meta property=\"og:title\" content=\"South America - The Stadiumhopper\" \/>\n<meta property=\"og:description\" content=\"BRAZIL Bras\u00edlia | Est\u00e1dio Nacional Man\u00e9 Garrincha (Non-Home Match Visit) Brazil | Flamengo | Fluminense | Est\u00e1dio do Maracan\u00e3 (Non-Home Match Visit) Corinthians | Arena Corinthians (Non-Home Match Visit) Club Athletico Paranaense | Arena da [...]\" \/>\n<meta property=\"og:url\" content=\"https:\/\/thestadiumhopper.com\/th\/football-stadiums\/south-america\/\" \/>\n<meta property=\"og:site_name\" content=\"The Stadiumhopper\" \/>\n<meta property=\"article:modified_time\" content=\"2021-04-12T11:09:28+00:00\" \/>\n<meta name=\"twitter:card\" content=\"summary_large_image\" \/>\n<script type=\"application\/ld+json\" class=\"yoast-schema-graph\">{\"@context\":\"https:\/\/schema.org\",\"@graph\":[{\"@type\":\"WebPage\",\"@id\":\"https:\/\/thestadiumhopper.com\/football-stadiums\/south-america\/\",\"url\":\"https:\/\/thestadiumhopper.com\/football-stadiums\/south-america\/\",\"name\":\"South America - The Stadiumhopper\",\"isPartOf\":{\"@id\":\"https:\/\/thestadiumhopper.com\/#website\"},\"datePublished\":\"2021-04-10T18:34:07+00:00\",\"dateModified\":\"2021-04-12T11:09:28+00:00\",\"breadcrumb\":{\"@id\":\"https:\/\/thestadiumhopper.com\/football-stadiums\/south-america\/#breadcrumb\"},\"inLanguage\":\"th\",\"potentialAction\":[{\"@type\":\"ReadAction\",\"target\":[\"https:\/\/thestadiumhopper.com\/football-stadiums\/south-america\/\"]}]},{\"@type\":\"BreadcrumbList\",\"@id\":\"https:\/\/thestadiumhopper.com\/football-stadiums\/south-america\/#breadcrumb\",\"itemListElement\":[{\"@type\":\"ListItem\",\"position\":1,\"name\":\"Home\",\"item\":\"https:\/\/thestadiumhopper.com\/\"},{\"@type\":\"ListItem\",\"position\":2,\"name\":\"Football Stadiums\",\"item\":\"https:\/\/thestadiumhopper.com\/football-stadiums\/\"},{\"@type\":\"ListItem\",\"position\":3,\"name\":\"South America\"}]},{\"@type\":\"WebSite\",\"@id\":\"https:\/\/thestadiumhopper.com\/#website\",\"url\":\"https:\/\/thestadiumhopper.com\/\",\"name\":\"The Stadiumhopper\",\"description\":\"The weblog from an ordinary sports fan.\",\"publisher\":{\"@id\":\"https:\/\/thestadiumhopper.com\/#organization\"},\"potentialAction\":[{\"@type\":\"SearchAction\",\"target\":{\"@type\":\"EntryPoint\",\"urlTemplate\":\"https:\/\/thestadiumhopper.com\/?s={search_term_string}\"},\"query-input\":\"required name=search_term_string\"}],\"inLanguage\":\"th\"},{\"@type\":\"Organization\",\"@id\":\"https:\/\/thestadiumhopper.com\/#organization\",\"name\":\"The Stadiumhopper\",\"url\":\"https:\/\/thestadiumhopper.com\/\",\"logo\":{\"@type\":\"ImageObject\",\"inLanguage\":\"th\",\"@id\":\"https:\/\/thestadiumhopper.com\/#\/schema\/logo\/image\/\",\"url\":\"https:\/\/thestadiumhopper.com\/wp-content\/uploads\/2021\/04\/SH_logo_Header.png\",\"contentUrl\":\"https:\/\/thestadiumhopper.com\/wp-content\/uploads\/2021\/04\/SH_logo_Header.png\",\"width\":412,\"height\":90,\"caption\":\"The Stadiumhopper\"},\"image\":{\"@id\":\"https:\/\/thestadiumhopper.com\/#\/schema\/logo\/image\/\"}}]}<\/script>\n<!-- \/ Yoast SEO plugin. -->","yoast_head_json":{"title":"South America - The Stadiumhopper","robots":{"index":"index","follow":"follow","max-snippet":"max-snippet:-1","max-image-preview":"max-image-preview:large","max-video-preview":"max-video-preview:-1"},"canonical":"https:\/\/thestadiumhopper.com\/th\/football-stadiums\/south-america\/","og_locale":"th_TH","og_type":"article","og_title":"South America - The Stadiumhopper","og_description":"BRAZIL Bras\u00edlia | Est\u00e1dio Nacional Man\u00e9 Garrincha (Non-Home Match Visit) Brazil | Flamengo | Fluminense | Est\u00e1dio do Maracan\u00e3 (Non-Home Match Visit) Corinthians | Arena Corinthians (Non-Home Match Visit) Club Athletico Paranaense | Arena da [...]","og_url":"https:\/\/thestadiumhopper.com\/th\/football-stadiums\/south-america\/","og_site_name":"The Stadiumhopper","article_modified_time":"2021-04-12T11:09:28+00:00","twitter_card":"summary_large_image","schema":{"@context":"https:\/\/schema.org","@graph":[{"@type":"WebPage","@id":"https:\/\/thestadiumhopper.com\/football-stadiums\/south-america\/","url":"https:\/\/thestadiumhopper.com\/football-stadiums\/south-america\/","name":"South America - The Stadiumhopper","isPartOf":{"@id":"https:\/\/thestadiumhopper.com\/#website"},"datePublished":"2021-04-10T18:34:07+00:00","dateModified":"2021-04-12T11:09:28+00:00","breadcrumb":{"@id":"https:\/\/thestadiumhopper.com\/football-stadiums\/south-america\/#breadcrumb"},"inLanguage":"th","potentialAction":[{"@type":"ReadAction","target":["https:\/\/thestadiumhopper.com\/football-stadiums\/south-america\/"]}]},{"@type":"BreadcrumbList","@id":"https:\/\/thestadiumhopper.com\/football-stadiums\/south-america\/#breadcrumb","itemListElement":[{"@type":"ListItem","position":1,"name":"Home","item":"https:\/\/thestadiumhopper.com\/"},{"@type":"ListItem","position":2,"name":"Football Stadiums","item":"https:\/\/thestadiumhopper.com\/football-stadiums\/"},{"@type":"ListItem","position":3,"name":"South America"}]},{"@type":"WebSite","@id":"https:\/\/thestadiumhopper.com\/#website","url":"https:\/\/thestadiumhopper.com\/","name":"The Stadiumhopper","description":"The weblog from an ordinary sports fan.","publisher":{"@id":"https:\/\/thestadiumhopper.com\/#organization"},"potentialAction":[{"@type":"SearchAction","target":{"@type":"EntryPoint","urlTemplate":"https:\/\/thestadiumhopper.com\/?s={search_term_string}"},"query-input":"required name=search_term_string"}],"inLanguage":"th"},{"@type":"Organization","@id":"https:\/\/thestadiumhopper.com\/#organization","name":"The Stadiumhopper","url":"https:\/\/thestadiumhopper.com\/","logo":{"@type":"ImageObject","inLanguage":"th","@id":"https:\/\/thestadiumhopper.com\/#\/schema\/logo\/image\/","url":"https:\/\/thestadiumhopper.com\/wp-content\/uploads\/2021\/04\/SH_logo_Header.png","contentUrl":"https:\/\/thestadiumhopper.com\/wp-content\/uploads\/2021\/04\/SH_logo_Header.png","width":412,"height":90,"caption":"The Stadiumhopper"},"image":{"@id":"https:\/\/thestadiumhopper.com\/#\/schema\/logo\/image\/"}}]}},"_links":{"self":[{"href":"https:\/\/thestadiumhopper.com\/th\/wp-json\/wp\/v2\/pages\/68","targetHints":{"allow":["GET"]}}],"collection":[{"href":"https:\/\/thestadiumhopper.com\/th\/wp-json\/wp\/v2\/pages"}],"about":[{"href":"https:\/\/thestadiumhopper.com\/th\/wp-json\/wp\/v2\/types\/page"}],"author":[{"embeddable":true,"href":"https:\/\/thestadiumhopper.com\/th\/wp-json\/wp\/v2\/users\/1"}],"replies":[{"embeddable":true,"href":"https:\/\/thestadiumhopper.com\/th\/wp-json\/wp\/v2\/comments?post=68"}],"version-history":[{"count":6,"href":"https:\/\/thestadiumhopper.com\/th\/wp-json\/wp\/v2\/pages\/68\/revisions"}],"predecessor-version":[{"id":609,"href":"https:\/\/thestadiumhopper.com\/th\/wp-json\/wp\/v2\/pages\/68\/revisions\/609"}],"up":[{"embeddable":true,"href":"https:\/\/thestadiumhopper.com\/th\/wp-json\/wp\/v2\/pages\/15"}],"wp:attachment":[{"href":"https:\/\/thestadiumhopper.com\/th\/wp-json\/wp\/v2\/media?parent=68"}],"curies":[{"name":"wp","href":"https:\/\/api.w.org\/{rel}","templated":true}]}}