{"id":60,"date":"2021-04-10T18:31:53","date_gmt":"2021-04-10T18:31:53","guid":{"rendered":"https:\/\/thestadiumhopper.com\/?page_id=60"},"modified":"2021-04-12T11:05:46","modified_gmt":"2021-04-12T11:05:46","slug":"sweden-denmark-norway-finland","status":"publish","type":"page","link":"https:\/\/thestadiumhopper.com\/th\/football-stadiums\/europe\/sweden-denmark-norway-finland\/","title":{"rendered":"\u0e2a\u0e27\u0e35\u0e40\u0e14\u0e19 | \u0e40\u0e14\u0e19\u0e21\u0e32\u0e23\u0e4c\u0e01 | \u0e19\u0e2d\u0e23\u0e4c\u0e40\u0e27\u0e22\u0e4c | \u0e1f\u0e34\u0e19\u0e41\u0e25\u0e19\u0e14\u0e4c"},"content":{"rendered":"<p class=\"has-text-align-center\"><strong>SWEDEN<\/strong><\/p>\n\n\n\n<p><strong>Allsvenskan<\/strong><\/p>\n\n\n\n<ul class=\"wp-block-list\"><li>AIK   |   Sweden   |   R\u00e5sundastadion (Demolished)<\/li><li>Djurg\u00e5rdens IF   |   Tele2 Arena (Outside Visit)   |   Stockholms Olympiastadion (Old, Outside Visit)<\/li><li>Halmstads BK   |   \u00d6rjans Vall (Outside Visit)<\/li><li>Hammarby   |   Tele2 Arena (Outside Visit)   |   S\u00f6derstadion (Old, Outside Visit)<\/li><li>IFK G\u00f6teborg   |   Gamla Ullevi (Outside Visit)<\/li><li>IFK Norrk\u00f6ping | Nya Parken (Norrk\u00f6pings Idrottspark)<\/li><li>Malm\u00f6 FF   |   Swedbank Stadion   |   Malm\u00f6 Stadion   (Old, Outside Visit)<\/li><\/ul>\n\n\n\n<p><strong>Superettan<\/strong><\/p>\n\n\n\n<ul class=\"wp-block-list\"><li>GAIS | Gamla Ullevi (Outside Visit)<\/li><li>Helsingborgs IF | Olympia (Outside Visit)<\/li><\/ul>\n\n\n\n<p class=\"has-text-align-center\"><strong>DENMARK<\/strong><\/p>\n\n\n\n<p><strong>Superligaen<\/strong><\/p>\n\n\n\n<ul class=\"wp-block-list\"><li>Br\u00f8ndby IF&nbsp;  |  Denmark   |   Br\u00f8ndby Stadion<\/li><li>FC K\u00f8benhavn   |   Parken Stadium<\/li><\/ul>\n\n\n\n<p class=\"has-text-align-center\"><strong>NORWAY<\/strong><\/p>\n\n\n\n<p><strong>Eliteserien<\/strong><\/p>\n\n\n\n<ul class=\"wp-block-list\"><li>Molde FK   |   Molde Stadion (Outside Visit)<\/li><li>Rosenborg BK   |   Lerkendal Stadion (Outside Visit)<\/li><li>SK Brann (Brann Bergen)   |   Brann Stadion (Outside Visit)<\/li><li>V\u00e5lerenga   |   V\u00e5lerenga Stadion (Outside Visit)<\/li><\/ul>\n\n\n\n<p><strong>1. Divisjon<\/strong><\/p>\n\n\n\n<ul class=\"wp-block-list\"><li>Aalesunds | Aalesund Stadion<\/li><\/ul>\n\n\n\n<p class=\"has-text-align-center\"><strong>FINLAND<\/strong><\/p>\n\n\n\n<p><strong>Veikkausliiga<\/strong><\/p>\n\n\n\n<ul class=\"wp-block-list\"><li>FC Haka   |   Tehtaan kentt\u00e4<\/li><li>HJK Helsinki   |   Sonera Stadium<\/li><\/ul>\n\n\n\n<p><strong>Kakkonen<\/strong><\/p>\n\n\n\n<ul class=\"wp-block-list\"><li>Tampere United | Ratina Stadium (Old, Outside Visit)<\/li><\/ul>\n\n\n\n<p><strong>Others<\/strong><\/p>\n\n\n\n<ul class=\"wp-block-list\"><li>Finland | Helsinki Olympic Stadium (Outside Visit)<\/li><\/ul>","protected":false},"excerpt":{"rendered":"<div class=\"mh-excerpt\"><p>SWEDEN Allsvenskan AIK | Sweden | R\u00e5sundastadion (Demolished) Djurg\u00e5rdens IF | Tele2 Arena (Outside Visit) | Stockholms Olympiastadion (Old, Outside Visit) Halmstads BK | \u00d6rjans Vall (Outside Visit) Hammarby | Tele2 Arena (Outside Visit) | <a class=\"mh-excerpt-more\" href=\"https:\/\/thestadiumhopper.com\/th\/football-stadiums\/europe\/sweden-denmark-norway-finland\/\" title=\"\u0e2a\u0e27\u0e35\u0e40\u0e14\u0e19 | \u0e40\u0e14\u0e19\u0e21\u0e32\u0e23\u0e4c\u0e01 | \u0e19\u0e2d\u0e23\u0e4c\u0e40\u0e27\u0e22\u0e4c | \u0e1f\u0e34\u0e19\u0e41\u0e25\u0e19\u0e14\u0e4c\">[&#8230;]<\/a><\/p>\n<\/div>","protected":false},"author":1,"featured_media":0,"parent":70,"menu_order":6,"comment_status":"closed","ping_status":"closed","template":"","meta":{"footnotes":""},"class_list":["post-60","page","type-page","status-publish"],"yoast_head":"<!-- This site is optimized with the Yoast SEO plugin v20.8 - https:\/\/yoast.com\/wordpress\/plugins\/seo\/ -->\n<title>Sweden | Denmark | Norway | Finland - The Stadiumhopper<\/title>\n<meta name=\"robots\" content=\"index, follow, max-snippet:-1, max-image-preview:large, max-video-preview:-1\" \/>\n<link rel=\"canonical\" href=\"https:\/\/thestadiumhopper.com\/th\/football-stadiums\/europe\/sweden-denmark-norway-finland\/\" \/>\n<meta property=\"og:locale\" content=\"th_TH\" \/>\n<meta property=\"og:type\" content=\"article\" \/>\n<meta property=\"og:title\" content=\"Sweden | Denmark | Norway | Finland - The Stadiumhopper\" \/>\n<meta property=\"og:description\" content=\"SWEDEN Allsvenskan AIK | Sweden | R\u00e5sundastadion (Demolished) Djurg\u00e5rdens IF | Tele2 Arena (Outside Visit) | Stockholms Olympiastadion (Old, Outside Visit) Halmstads BK | \u00d6rjans Vall (Outside Visit) Hammarby | Tele2 Arena (Outside Visit) | [...]\" \/>\n<meta property=\"og:url\" content=\"https:\/\/thestadiumhopper.com\/th\/football-stadiums\/europe\/sweden-denmark-norway-finland\/\" \/>\n<meta property=\"og:site_name\" content=\"The Stadiumhopper\" \/>\n<meta property=\"article:modified_time\" content=\"2021-04-12T11:05:46+00:00\" \/>\n<meta name=\"twitter:card\" content=\"summary_large_image\" \/>\n<meta name=\"twitter:label1\" content=\"Est. reading time\" \/>\n\t<meta name=\"twitter:data1\" content=\"1 \u0e19\u0e32\u0e17\u0e35\" \/>\n<script type=\"application\/ld+json\" class=\"yoast-schema-graph\">{\"@context\":\"https:\/\/schema.org\",\"@graph\":[{\"@type\":\"WebPage\",\"@id\":\"https:\/\/thestadiumhopper.com\/football-stadiums\/europe\/sweden-denmark-norway-finland\/\",\"url\":\"https:\/\/thestadiumhopper.com\/football-stadiums\/europe\/sweden-denmark-norway-finland\/\",\"name\":\"Sweden | Denmark | Norway | Finland - The Stadiumhopper\",\"isPartOf\":{\"@id\":\"https:\/\/thestadiumhopper.com\/#website\"},\"datePublished\":\"2021-04-10T18:31:53+00:00\",\"dateModified\":\"2021-04-12T11:05:46+00:00\",\"breadcrumb\":{\"@id\":\"https:\/\/thestadiumhopper.com\/football-stadiums\/europe\/sweden-denmark-norway-finland\/#breadcrumb\"},\"inLanguage\":\"th\",\"potentialAction\":[{\"@type\":\"ReadAction\",\"target\":[\"https:\/\/thestadiumhopper.com\/football-stadiums\/europe\/sweden-denmark-norway-finland\/\"]}]},{\"@type\":\"BreadcrumbList\",\"@id\":\"https:\/\/thestadiumhopper.com\/football-stadiums\/europe\/sweden-denmark-norway-finland\/#breadcrumb\",\"itemListElement\":[{\"@type\":\"ListItem\",\"position\":1,\"name\":\"Home\",\"item\":\"https:\/\/thestadiumhopper.com\/\"},{\"@type\":\"ListItem\",\"position\":2,\"name\":\"Football Stadiums\",\"item\":\"https:\/\/thestadiumhopper.com\/football-stadiums\/\"},{\"@type\":\"ListItem\",\"position\":3,\"name\":\"Europe\",\"item\":\"https:\/\/thestadiumhopper.com\/football-stadiums\/europe\/\"},{\"@type\":\"ListItem\",\"position\":4,\"name\":\"Sweden | Denmark | Norway | Finland\"}]},{\"@type\":\"WebSite\",\"@id\":\"https:\/\/thestadiumhopper.com\/#website\",\"url\":\"https:\/\/thestadiumhopper.com\/\",\"name\":\"The Stadiumhopper\",\"description\":\"The weblog from an ordinary sports fan.\",\"publisher\":{\"@id\":\"https:\/\/thestadiumhopper.com\/#organization\"},\"potentialAction\":[{\"@type\":\"SearchAction\",\"target\":{\"@type\":\"EntryPoint\",\"urlTemplate\":\"https:\/\/thestadiumhopper.com\/?s={search_term_string}\"},\"query-input\":\"required name=search_term_string\"}],\"inLanguage\":\"th\"},{\"@type\":\"Organization\",\"@id\":\"https:\/\/thestadiumhopper.com\/#organization\",\"name\":\"The Stadiumhopper\",\"url\":\"https:\/\/thestadiumhopper.com\/\",\"logo\":{\"@type\":\"ImageObject\",\"inLanguage\":\"th\",\"@id\":\"https:\/\/thestadiumhopper.com\/#\/schema\/logo\/image\/\",\"url\":\"https:\/\/thestadiumhopper.com\/wp-content\/uploads\/2021\/04\/SH_logo_Header.png\",\"contentUrl\":\"https:\/\/thestadiumhopper.com\/wp-content\/uploads\/2021\/04\/SH_logo_Header.png\",\"width\":412,\"height\":90,\"caption\":\"The Stadiumhopper\"},\"image\":{\"@id\":\"https:\/\/thestadiumhopper.com\/#\/schema\/logo\/image\/\"}}]}<\/script>\n<!-- \/ Yoast SEO plugin. -->","yoast_head_json":{"title":"Sweden | Denmark | Norway | Finland - The Stadiumhopper","robots":{"index":"index","follow":"follow","max-snippet":"max-snippet:-1","max-image-preview":"max-image-preview:large","max-video-preview":"max-video-preview:-1"},"canonical":"https:\/\/thestadiumhopper.com\/th\/football-stadiums\/europe\/sweden-denmark-norway-finland\/","og_locale":"th_TH","og_type":"article","og_title":"Sweden | Denmark | Norway | Finland - The Stadiumhopper","og_description":"SWEDEN Allsvenskan AIK | Sweden | R\u00e5sundastadion (Demolished) Djurg\u00e5rdens IF | Tele2 Arena (Outside Visit) | Stockholms Olympiastadion (Old, Outside Visit) Halmstads BK | \u00d6rjans Vall (Outside Visit) Hammarby | Tele2 Arena (Outside Visit) | [...]","og_url":"https:\/\/thestadiumhopper.com\/th\/football-stadiums\/europe\/sweden-denmark-norway-finland\/","og_site_name":"The Stadiumhopper","article_modified_time":"2021-04-12T11:05:46+00:00","twitter_card":"summary_large_image","twitter_misc":{"Est. reading time":"1 \u0e19\u0e32\u0e17\u0e35"},"schema":{"@context":"https:\/\/schema.org","@graph":[{"@type":"WebPage","@id":"https:\/\/thestadiumhopper.com\/football-stadiums\/europe\/sweden-denmark-norway-finland\/","url":"https:\/\/thestadiumhopper.com\/football-stadiums\/europe\/sweden-denmark-norway-finland\/","name":"Sweden | Denmark | Norway | Finland - The Stadiumhopper","isPartOf":{"@id":"https:\/\/thestadiumhopper.com\/#website"},"datePublished":"2021-04-10T18:31:53+00:00","dateModified":"2021-04-12T11:05:46+00:00","breadcrumb":{"@id":"https:\/\/thestadiumhopper.com\/football-stadiums\/europe\/sweden-denmark-norway-finland\/#breadcrumb"},"inLanguage":"th","potentialAction":[{"@type":"ReadAction","target":["https:\/\/thestadiumhopper.com\/football-stadiums\/europe\/sweden-denmark-norway-finland\/"]}]},{"@type":"BreadcrumbList","@id":"https:\/\/thestadiumhopper.com\/football-stadiums\/europe\/sweden-denmark-norway-finland\/#breadcrumb","itemListElement":[{"@type":"ListItem","position":1,"name":"Home","item":"https:\/\/thestadiumhopper.com\/"},{"@type":"ListItem","position":2,"name":"Football Stadiums","item":"https:\/\/thestadiumhopper.com\/football-stadiums\/"},{"@type":"ListItem","position":3,"name":"Europe","item":"https:\/\/thestadiumhopper.com\/football-stadiums\/europe\/"},{"@type":"ListItem","position":4,"name":"Sweden | Denmark | Norway | Finland"}]},{"@type":"WebSite","@id":"https:\/\/thestadiumhopper.com\/#website","url":"https:\/\/thestadiumhopper.com\/","name":"The Stadiumhopper","description":"The weblog from an ordinary sports fan.","publisher":{"@id":"https:\/\/thestadiumhopper.com\/#organization"},"potentialAction":[{"@type":"SearchAction","target":{"@type":"EntryPoint","urlTemplate":"https:\/\/thestadiumhopper.com\/?s={search_term_string}"},"query-input":"required name=search_term_string"}],"inLanguage":"th"},{"@type":"Organization","@id":"https:\/\/thestadiumhopper.com\/#organization","name":"The Stadiumhopper","url":"https:\/\/thestadiumhopper.com\/","logo":{"@type":"ImageObject","inLanguage":"th","@id":"https:\/\/thestadiumhopper.com\/#\/schema\/logo\/image\/","url":"https:\/\/thestadiumhopper.com\/wp-content\/uploads\/2021\/04\/SH_logo_Header.png","contentUrl":"https:\/\/thestadiumhopper.com\/wp-content\/uploads\/2021\/04\/SH_logo_Header.png","width":412,"height":90,"caption":"The Stadiumhopper"},"image":{"@id":"https:\/\/thestadiumhopper.com\/#\/schema\/logo\/image\/"}}]}},"_links":{"self":[{"href":"https:\/\/thestadiumhopper.com\/th\/wp-json\/wp\/v2\/pages\/60","targetHints":{"allow":["GET"]}}],"collection":[{"href":"https:\/\/thestadiumhopper.com\/th\/wp-json\/wp\/v2\/pages"}],"about":[{"href":"https:\/\/thestadiumhopper.com\/th\/wp-json\/wp\/v2\/types\/page"}],"author":[{"embeddable":true,"href":"https:\/\/thestadiumhopper.com\/th\/wp-json\/wp\/v2\/users\/1"}],"replies":[{"embeddable":true,"href":"https:\/\/thestadiumhopper.com\/th\/wp-json\/wp\/v2\/comments?post=60"}],"version-history":[{"count":20,"href":"https:\/\/thestadiumhopper.com\/th\/wp-json\/wp\/v2\/pages\/60\/revisions"}],"predecessor-version":[{"id":604,"href":"https:\/\/thestadiumhopper.com\/th\/wp-json\/wp\/v2\/pages\/60\/revisions\/604"}],"up":[{"embeddable":true,"href":"https:\/\/thestadiumhopper.com\/th\/wp-json\/wp\/v2\/pages\/70"}],"wp:attachment":[{"href":"https:\/\/thestadiumhopper.com\/th\/wp-json\/wp\/v2\/media?parent=60"}],"curies":[{"name":"wp","href":"https:\/\/api.w.org\/{rel}","templated":true}]}}